{"id":22,"date":"2025-02-22T18:04:36","date_gmt":"2025-02-22T17:04:36","guid":{"rendered":"http:\/\/petofiszallasaprajanagyja.hu\/?page_id=22"},"modified":"2025-08-22T18:14:44","modified_gmt":"2025-08-22T16:14:44","slug":"kapcsolat","status":"publish","type":"page","link":"https:\/\/petofiszallasaprajanagyja.hu\/?page_id=22","title":{"rendered":"Kapcsolat"},"content":{"rendered":"\n<p>Pet\u0151fisz\u00e1ll\u00e1s Apraja-Nagyja Alap\u00edtv\u00e1ny<\/p>\n\n\n\n<p>Selmeczi Katalin: +36 30 940 8788<\/p>\n\n\n\n<p>katamoja@gmail.com<\/p>\n\n\n\n<p>A Kurat\u00f3rium eln\u00f6ke: R\u00e1di Aranka<\/p>\n\n\n\n<p><\/p>\n","protected":false},"excerpt":{"rendered":"<p>Pet\u0151fisz\u00e1ll\u00e1s Apraja-Nagyja Alap\u00edtv\u00e1ny Selmeczi Katalin: +36 30 940 8788 katamoja@gmail.com A Kurat\u00f3rium eln\u00f6ke: R\u00e1di Aranka<\/p>\n","protected":false},"author":1,"featured_media":0,"parent":0,"menu_order":0,"comment_status":"closed","ping_status":"closed","template":"","meta":{"footnotes":""},"class_list":["post-22","page","type-page","status-publish","hentry"],"_links":{"self":[{"href":"https:\/\/petofiszallasaprajanagyja.hu\/index.php?rest_route=\/wp\/v2\/pages\/22","targetHints":{"allow":["GET"]}}],"collection":[{"href":"https:\/\/petofiszallasaprajanagyja.hu\/index.php?rest_route=\/wp\/v2\/pages"}],"about":[{"href":"https:\/\/petofiszallasaprajanagyja.hu\/index.php?rest_route=\/wp\/v2\/types\/page"}],"author":[{"embeddable":true,"href":"https:\/\/petofiszallasaprajanagyja.hu\/index.php?rest_route=\/wp\/v2\/users\/1"}],"replies":[{"embeddable":true,"href":"https:\/\/petofiszallasaprajanagyja.hu\/index.php?rest_route=%2Fwp%2Fv2%2Fcomments&post=22"}],"version-history":[{"count":3,"href":"https:\/\/petofiszallasaprajanagyja.hu\/index.php?rest_route=\/wp\/v2\/pages\/22\/revisions"}],"predecessor-version":[{"id":214,"href":"https:\/\/petofiszallasaprajanagyja.hu\/index.php?rest_route=\/wp\/v2\/pages\/22\/revisions\/214"}],"wp:attachment":[{"href":"https:\/\/petofiszallasaprajanagyja.hu\/index.php?rest_route=%2Fwp%2Fv2%2Fmedia&parent=22"}],"curies":[{"name":"wp","href":"https:\/\/api.w.org\/{rel}","templated":true}]}}