{"id":14,"date":"2025-02-22T17:55:28","date_gmt":"2025-02-22T16:55:28","guid":{"rendered":"http:\/\/petofiszallasaprajanagyja.hu\/?page_id=14"},"modified":"2025-08-22T18:23:14","modified_gmt":"2025-08-22T16:23:14","slug":"esemenyeink-2","status":"publish","type":"page","link":"https:\/\/petofiszallasaprajanagyja.hu\/?page_id=14","title":{"rendered":"Esem\u00e9nyeink"},"content":{"rendered":"\n<div class=\"wp-block-group alignfull is-layout-constrained wp-block-group-is-layout-constrained\" style=\"margin-top:0;margin-bottom:0\">\n<div class=\"wp-block-columns alignfull is-layout-flex wp-container-core-columns-is-layout-9c22b1e3 wp-block-columns-is-layout-flex\">\n<div class=\"wp-block-column is-layout-flow wp-block-column-is-layout-flow\" style=\"flex-basis:55%\">\n<div style=\"aspect-ratio:1;min-height:unset;\" class=\"wp-block-cover is-light has-aspect-ratio\"><img decoding=\"async\" class=\"wp-block-cover__image-background\" alt=\"Image of the book\" src=\"http:\/\/petofiszallasaprajanagyja.hu\/wp-content\/themes\/twentytwentyfive\/assets\/images\/book-image-landing.webp\" data-object-fit=\"cover\"\/><span aria-hidden=\"true\" class=\"wp-block-cover__background has-background-dim-0 has-background-dim\" style=\"background-color:#6b6b6b\"><\/span><div class=\"wp-block-cover__inner-container is-layout-flow wp-block-cover-is-layout-flow\">\n<div style=\"height:var(--wp--preset--spacing--20)\" aria-hidden=\"true\" class=\"wp-block-spacer\"><\/div>\n\n\n\n<figure class=\"wp-block-image size-full is-resized\"><img loading=\"lazy\" decoding=\"async\" width=\"437\" height=\"640\" src=\"http:\/\/petofiszallasaprajanagyja.hu\/wp-content\/uploads\/2025\/02\/93112549-419B-41BE-B2BC-47E8ECE86A81.jpeg\" alt=\"\" class=\"wp-image-205\" style=\"width:515px;height:auto\" srcset=\"https:\/\/petofiszallasaprajanagyja.hu\/wp-content\/uploads\/2025\/02\/93112549-419B-41BE-B2BC-47E8ECE86A81.jpeg 437w, https:\/\/petofiszallasaprajanagyja.hu\/wp-content\/uploads\/2025\/02\/93112549-419B-41BE-B2BC-47E8ECE86A81-205x300.jpeg 205w\" sizes=\"auto, (max-width: 437px) 100vw, 437px\" \/><\/figure>\n<\/div><\/div>\n<\/div>\n\n\n\n<div class=\"wp-block-column is-vertically-aligned-center is-layout-flow wp-block-column-is-layout-flow\" style=\"padding-top:var(--wp--preset--spacing--60);padding-right:var(--wp--preset--spacing--60);padding-bottom:var(--wp--preset--spacing--60);padding-left:var(--wp--preset--spacing--60)\">\n<h2 class=\"wp-block-heading has-xx-large-font-size\">Kedves L\u00e1togat\u00f3nk!<\/h2>\n\n\n\n<p>K\u00e9rj\u00fck, tekintse meg k\u00e9pes besz\u00e1mol\u00f3inkat eddigi esem\u00e9nyeinkr\u0151l.<\/p>\n\n\n\n<p class=\"has-medium-font-size\"><\/p>\n<\/div>\n<\/div>\n<\/div>\n\n\n\n<div class=\"wp-block-group alignfull is-layout-constrained wp-container-core-group-is-layout-54af5b55 wp-block-group-is-layout-constrained\" style=\"margin-top:0;margin-bottom:0;padding-top:var(--wp--preset--spacing--60);padding-bottom:var(--wp--preset--spacing--60)\">\n<h2 class=\"wp-block-heading alignwide has-text-align-center has-x-large-font-size\">K\u00e9pt\u00e1r<\/h2>\n\n\n\n<div class=\"wp-block-buttons alignwide has-custom-font-size has-medium-font-size is-content-justification-center is-layout-flex wp-container-core-buttons-is-layout-c124d1c4 wp-block-buttons-is-layout-flex\">\n<div class=\"wp-block-button\"><a class=\"wp-block-button__link wp-element-button\">H\u00fasv\u00e9ti k\u00e9sz\u00fcl\u0151d\u00e9s &#8211; 2023<\/a><\/div>\n\n\n\n<div class=\"wp-block-button\"><a class=\"wp-block-button__link wp-element-button\">TESZEDD &#8211; 2023<\/a><\/div>\n\n\n\n<div class=\"wp-block-button\"><a class=\"wp-block-button__link wp-element-button\">Pizzas\u00fct\u00e9s &#8211; 2023<\/a><\/div>\n\n\n\n<div class=\"wp-block-button\"><a class=\"wp-block-button__link wp-element-button\">Szent Iv\u00e1n-\u00e9ji m\u00e1glyagy\u00fajt\u00e1s &#8211; 2023<\/a><\/div>\n\n\n\n<div class=\"wp-block-button\"><a class=\"wp-block-button__link wp-element-button\">T\u00d6K J\u00d3 Csokigy\u0171jt\u0151 S\u00c9TA &#8211; 2023<\/a><\/div>\n\n\n\n<div class=\"wp-block-button\"><a class=\"wp-block-button__link wp-element-button\">L\u00e1mp\u00e1sk\u00e9sz\u00edt\u00e9s &#8211; 2023<\/a><\/div>\n\n\n\n<div class=\"wp-block-button\"><a class=\"wp-block-button__link wp-element-button\">H\u00fasv\u00e9ti k\u00e9sz\u00fcl\u0151d\u00e9s &#8211; 2024<\/a><\/div>\n\n\n\n<div class=\"wp-block-button\"><a class=\"wp-block-button__link wp-element-button\">TESZEDD &#8211; 2024<\/a><\/div>\n\n\n\n<div class=\"wp-block-button\"><a class=\"wp-block-button__link wp-element-button\">Pet\u0151fisz\u00e1ll\u00e1si id\u0151sekn\u00e9l j\u00e1rtunk &#8211; 2024<\/a><\/div>\n\n\n\n<div class=\"wp-block-button is-style-fill\"><a class=\"wp-block-button__link wp-element-button\">M\u00e1jusfa \u00e1ll\u00edt\u00e1s &#8211; 2024<\/a><\/div>\n\n\n\n<div class=\"wp-block-button is-style-fill\"><a class=\"wp-block-button__link wp-element-button\">GYEREKNAP &#8211; 2024<\/a><\/div>\n\n\n\n<div class=\"wp-block-button is-style-fill\"><a class=\"wp-block-button__link wp-element-button\">T\u00d6K J\u00d3 esti s\u00e9ta &#8211; 2024<\/a><\/div>\n\n\n\n<div class=\"wp-block-button is-style-fill\"><a class=\"wp-block-button__link wp-element-button\">L\u00e1mp\u00e1sk\u00e9sz\u00edt\u00e9s &#8211; 2024<\/a><\/div>\n\n\n\n<div class=\"wp-block-button is-style-fill\"><a class=\"wp-block-button__link wp-element-button\">Farsang &#8211; 2025<\/a><\/div>\n\n\n\n<div class=\"wp-block-button is-style-fill\"><a class=\"wp-block-button__link wp-element-button\">J\u00e1tsz\u00f3t\u00e9r projekt &#8211; 2025<\/a><\/div>\n\n\n\n<div class=\"wp-block-button is-style-fill\"><a class=\"wp-block-button__link wp-element-button\">TESZEDD &#8211; 2025<\/a><\/div>\n\n\n\n<div class=\"wp-block-button is-style-fill\"><a class=\"wp-block-button__link wp-element-button\">Pizzas\u00fct\u00e9s &#8211; 2025<\/a><\/div>\n\n\n\n<div class=\"wp-block-button is-style-fill\"><a class=\"wp-block-button__link wp-element-button\">Gyereknap &#8211; 2025<\/a><\/div>\n\n\n\n<div class=\"wp-block-button is-style-fill\"><a class=\"wp-block-button__link wp-element-button\">K\u00f6zleked\u00e9sbiztons\u00e1gi ny\u00e1ri t\u00e1bor &#8211; 2025<\/a><\/div>\n<\/div>\n\n\n\n<figure class=\"wp-block-gallery has-nested-images columns-default is-cropped wp-block-gallery-1 is-layout-flex wp-block-gallery-is-layout-flex\">\n<figure class=\"wp-block-image size-large\"><img loading=\"lazy\" decoding=\"async\" width=\"1024\" height=\"768\" data-id=\"16\" src=\"http:\/\/petofiszallasaprajanagyja.hu\/wp-content\/uploads\/2025\/02\/IMG_6900-1024x768.jpg\" alt=\"\" class=\"wp-image-16\" srcset=\"https:\/\/petofiszallasaprajanagyja.hu\/wp-content\/uploads\/2025\/02\/IMG_6900-1024x768.jpg 1024w, https:\/\/petofiszallasaprajanagyja.hu\/wp-content\/uploads\/2025\/02\/IMG_6900-300x225.jpg 300w, https:\/\/petofiszallasaprajanagyja.hu\/wp-content\/uploads\/2025\/02\/IMG_6900-768x576.jpg 768w, https:\/\/petofiszallasaprajanagyja.hu\/wp-content\/uploads\/2025\/02\/IMG_6900-1536x1152.jpg 1536w, https:\/\/petofiszallasaprajanagyja.hu\/wp-content\/uploads\/2025\/02\/IMG_6900-2048x1536.jpg 2048w\" sizes=\"auto, (max-width: 1024px) 100vw, 1024px\" \/><\/figure>\n<\/figure>\n\n\n\n<p class=\"has-text-align-center has-medium-font-size\"><\/p>\n<\/div>\n\n\n\n<div class=\"wp-block-group alignfull is-layout-constrained wp-block-group-is-layout-constrained\" style=\"margin-top:0;margin-bottom:0\"><\/div>\n\n\n\n<aside class=\"wp-block-group alignfull is-style-section-3 is-layout-constrained wp-container-core-group-is-layout-f0f2a97b wp-block-group-is-layout-constrained\" style=\"margin-top:0;margin-bottom:0;padding-top:var(--wp--preset--spacing--50);padding-right:var(--wp--preset--spacing--50);padding-bottom:var(--wp--preset--spacing--50);padding-left:var(--wp--preset--spacing--50)\">\n<div class=\"wp-block-group is-vertical is-content-justification-center is-layout-flex wp-container-core-group-is-layout-8778ca4a wp-block-group-is-layout-flex\" style=\"min-height:360px;margin-top:0;margin-bottom:0\">\n<h2 class=\"wp-block-heading has-text-align-center has-xx-large-font-size\">Pet\u0151fisz\u00e1ll\u00e1s Apraja-Nagyja Alap\u00edtv\u00e1ny<\/h2>\n\n\n\n<p class=\"has-text-align-center is-style-text-subtitle\">Ha kapcsolatba l\u00e9pne vel\u00fcnk, esetleg t\u00e1mogatn\u00e1 c\u00e9ljainkat, vegye fel vel\u00fcnk a kapcsolatot:<\/p>\n\n\n\n<div style=\"height:0px\" aria-hidden=\"true\" class=\"wp-block-spacer wp-container-content-62aae154\"><\/div>\n\n\n\n<div class=\"wp-block-buttons is-content-justification-center is-layout-flex wp-container-core-buttons-is-layout-a89b3969 wp-block-buttons-is-layout-flex\">\n<div class=\"wp-block-button\"><a class=\"wp-block-button__link has-text-align-center wp-element-button\">Kapcsolat<\/a><\/div>\n<\/div>\n<\/div>\n<\/aside>\n\n\n\n<p><\/p>\n","protected":false},"excerpt":{"rendered":"<p>Kedves L\u00e1togat\u00f3nk! K\u00e9rj\u00fck, tekintse meg k\u00e9pes besz\u00e1mol\u00f3inkat eddigi esem\u00e9nyeinkr\u0151l. K\u00e9pt\u00e1r Pet\u0151fisz\u00e1ll\u00e1s Apraja-Nagyja Alap\u00edtv\u00e1ny Ha kapcsolatba l\u00e9pne vel\u00fcnk, esetleg t\u00e1mogatn\u00e1 c\u00e9ljainkat, vegye fel vel\u00fcnk a kapcsolatot:<\/p>\n","protected":false},"author":1,"featured_media":0,"parent":0,"menu_order":0,"comment_status":"closed","ping_status":"closed","template":"","meta":{"footnotes":""},"class_list":["post-14","page","type-page","status-publish","hentry"],"_links":{"self":[{"href":"https:\/\/petofiszallasaprajanagyja.hu\/index.php?rest_route=\/wp\/v2\/pages\/14","targetHints":{"allow":["GET"]}}],"collection":[{"href":"https:\/\/petofiszallasaprajanagyja.hu\/index.php?rest_route=\/wp\/v2\/pages"}],"about":[{"href":"https:\/\/petofiszallasaprajanagyja.hu\/index.php?rest_route=\/wp\/v2\/types\/page"}],"author":[{"embeddable":true,"href":"https:\/\/petofiszallasaprajanagyja.hu\/index.php?rest_route=\/wp\/v2\/users\/1"}],"replies":[{"embeddable":true,"href":"https:\/\/petofiszallasaprajanagyja.hu\/index.php?rest_route=%2Fwp%2Fv2%2Fcomments&post=14"}],"version-history":[{"count":8,"href":"https:\/\/petofiszallasaprajanagyja.hu\/index.php?rest_route=\/wp\/v2\/pages\/14\/revisions"}],"predecessor-version":[{"id":217,"href":"https:\/\/petofiszallasaprajanagyja.hu\/index.php?rest_route=\/wp\/v2\/pages\/14\/revisions\/217"}],"wp:attachment":[{"href":"https:\/\/petofiszallasaprajanagyja.hu\/index.php?rest_route=%2Fwp%2Fv2%2Fmedia&parent=14"}],"curies":[{"name":"wp","href":"https:\/\/api.w.org\/{rel}","templated":true}]}}